{"id":3130,"date":"2020-06-30T08:26:54","date_gmt":"2020-06-30T08:26:54","guid":{"rendered":"http:\/\/wpdemo.archiwp.com\/theratio-sidenav\/?page_id=3130"},"modified":"2025-08-28T16:24:10","modified_gmt":"2025-08-28T13:24:10","slug":"projeler","status":"publish","type":"page","link":"https:\/\/www.kantes.com.tr\/?page_id=3130","title":{"rendered":"Projeler"},"content":{"rendered":"\t\t<div data-elementor-type=\"wp-page\" data-elementor-id=\"3130\" class=\"elementor elementor-3130\">\n\t\t\t\t\t\t<section class=\"elementor-section elementor-top-section elementor-element elementor-element-5e785d3 elementor-section-boxed elementor-section-height-default elementor-section-height-default\" data-id=\"5e785d3\" data-element_type=\"section\">\n\t\t\t\t\t\t<div class=\"elementor-container elementor-column-gap-default\">\n\t\t\t\t\t<div class=\"elementor-column elementor-col-100 elementor-top-column elementor-element elementor-element-4f6f5c6 ot-flex-column-vertical\" data-id=\"4f6f5c6\" data-element_type=\"column\">\n\t\t\t<div class=\"elementor-widget-wrap elementor-element-populated\">\n\t\t\t\t\t\t<div class=\"elementor-element elementor-element-89c1dd3 theratio-align-center elementor-widget elementor-widget-iheading\" data-id=\"89c1dd3\" data-element_type=\"widget\" data-widget_type=\"iheading.default\">\n\t\t\t\t<div class=\"elementor-widget-container\">\n\t\t\t\t\t\t\t<div class=\"ot-heading is-dots\">\r\n\t        <span>[ Projelerimiz ]<\/span>\t        <h2 class=\"main-heading\">Projelerimizi<br>  Detayl\u0131 Bir \u015eekilde \u0130nceleyebilirsiniz<\/h2>\t    <\/div>\r\n\t    \t\t\t\t<\/div>\n\t\t\t\t<\/div>\n\t\t\t\t<div class=\"elementor-element elementor-element-700a816 elementor-widget elementor-widget-ipfilter\" data-id=\"700a816\" data-element_type=\"widget\" data-widget_type=\"ipfilter.default\">\n\t\t\t\t<div class=\"elementor-widget-container\">\n\t\t\t\t\t\r\n\t\t<div class=\"project-filter-wrapper\">\r\n\t\t\t\t        \t<div class=\"container\">\r\n\t        \t\t<ul class=\"project_filters\">\r\n\t        \t\t\t\t\t                \t\t                \t<li>\r\n\t\t\t\t\t\t\t\t<a class=\"btn-details\" href='#' data-filter='.category-14'>Projeler<span class=\"filter-count\"><\/span><\/a>\r\n\t\t\t\t\t\t\t<\/li>\t                   \r\n\t\t                \t\t\t\t\t<\/ul>\r\n\t\t\t\t<\/div>\r\n\t        \t\t\t\t        <div class=\"projects-grid pf_3_cols style-1 img-scale w-auto\" data-load=\"3\" data-count=\"14\">\r\n\t\t\t<div class=\"grid-sizer\"><\/div>\r\n\t            \r\n<div class=\"project-item category-14 \">\r\n\t<div class=\"projects-box\">\r\n\t\t<div class=\"projects-thumbnail\" data-src=\"https:\/\/www.kantes.com.tr\/wp-content\/uploads\/2025\/09\/dff22c9a-e1e5-4572-b1ef-8c51f2e78f41.jpg\" data-sub-html=\"Tekirda\u011f S\u00fcleymanpa\u015fa Metsan Villar\u0131\">\r\n\t\t\t<a href=\"https:\/\/www.kantes.com.tr\/?ot_portfolio=tekirdag-suleymanpasa-metsan-villari\">\r\n\t\t\t\t<img fetchpriority=\"high\" decoding=\"async\" width=\"720\" height=\"720\" src=\"https:\/\/www.kantes.com.tr\/wp-content\/uploads\/2025\/09\/dff22c9a-e1e5-4572-b1ef-8c51f2e78f41-720x720.jpg\" class=\"attachment-theratio-portfolio-thumbnail-grid size-theratio-portfolio-thumbnail-grid wp-post-image\" alt=\"\" srcset=\"https:\/\/www.kantes.com.tr\/wp-content\/uploads\/2025\/09\/dff22c9a-e1e5-4572-b1ef-8c51f2e78f41-720x720.jpg 720w, https:\/\/www.kantes.com.tr\/wp-content\/uploads\/2025\/09\/dff22c9a-e1e5-4572-b1ef-8c51f2e78f41-150x150.jpg 150w\" sizes=\"(max-width: 720px) 100vw, 720px\" \/>\t\t\t<\/a>\r\n\t\t\t\r\n\t\t\t<span class=\"overlay\">\r\n\t\t\t\t<h5>Tekirda\u011f S\u00fcleymanpa\u015fa Metsan Villar\u0131<\/h5>\r\n\t\t\t\t<i class=\"ot-flaticon-add\"><\/i>\r\n\t\t\t<\/span>\r\n\t\t<\/div>\r\n\t\t<div class=\"portfolio-info\">\r\n\t\t\t<div class=\"portfolio-info-inner\">\r\n\t\t\t\t<h5><a class=\"title-link\" href=\"https:\/\/www.kantes.com.tr\/?ot_portfolio=tekirdag-suleymanpasa-metsan-villari\" data-src=\"https:\/\/www.kantes.com.tr\/wp-content\/uploads\/2025\/09\/dff22c9a-e1e5-4572-b1ef-8c51f2e78f41.jpg\" data-sub-html=\"Tekirda\u011f S\u00fcleymanpa\u015fa Metsan Villar\u0131\">Tekirda\u011f S\u00fcleymanpa\u015fa Metsan Villar\u0131<\/a><\/h5>\r\n\t\t\t\t<p class=\"portfolio-cates\"><a href=\"https:\/\/www.kantes.com.tr\/?portfolio_cat=projeler\">Projeler<\/a><\/p> \r\n\t\t\t<\/div>\r\n\t\t\t<a class=\"overlay\" href=\"https:\/\/www.kantes.com.tr\/?ot_portfolio=tekirdag-suleymanpasa-metsan-villari\"><\/a>\r\n\t\t<\/div>\r\n\t<\/div>\r\n<\/div>\r\n<div class=\"project-item category-14 \">\r\n\t<div class=\"projects-box\">\r\n\t\t<div class=\"projects-thumbnail\" data-src=\"https:\/\/www.kantes.com.tr\/wp-content\/uploads\/2025\/09\/f5b2b8d7-e1f3-4fd8-bd2d-bf6d10316b53.jpg\" data-sub-html=\"\u0130zmir Kar\u015f\u0131yaka Tersane\">\r\n\t\t\t<a href=\"https:\/\/www.kantes.com.tr\/?ot_portfolio=izmir-karsiyaka-tersane\">\r\n\t\t\t\t<img decoding=\"async\" width=\"720\" height=\"720\" src=\"https:\/\/www.kantes.com.tr\/wp-content\/uploads\/2025\/09\/f5b2b8d7-e1f3-4fd8-bd2d-bf6d10316b53-720x720.jpg\" class=\"attachment-theratio-portfolio-thumbnail-grid size-theratio-portfolio-thumbnail-grid wp-post-image\" alt=\"\" srcset=\"https:\/\/www.kantes.com.tr\/wp-content\/uploads\/2025\/09\/f5b2b8d7-e1f3-4fd8-bd2d-bf6d10316b53-720x720.jpg 720w, https:\/\/www.kantes.com.tr\/wp-content\/uploads\/2025\/09\/f5b2b8d7-e1f3-4fd8-bd2d-bf6d10316b53-150x150.jpg 150w\" sizes=\"(max-width: 720px) 100vw, 720px\" \/>\t\t\t<\/a>\r\n\t\t\t\r\n\t\t\t<span class=\"overlay\">\r\n\t\t\t\t<h5>\u0130zmir Kar\u015f\u0131yaka Tersane<\/h5>\r\n\t\t\t\t<i class=\"ot-flaticon-add\"><\/i>\r\n\t\t\t<\/span>\r\n\t\t<\/div>\r\n\t\t<div class=\"portfolio-info\">\r\n\t\t\t<div class=\"portfolio-info-inner\">\r\n\t\t\t\t<h5><a class=\"title-link\" href=\"https:\/\/www.kantes.com.tr\/?ot_portfolio=izmir-karsiyaka-tersane\" data-src=\"https:\/\/www.kantes.com.tr\/wp-content\/uploads\/2025\/09\/f5b2b8d7-e1f3-4fd8-bd2d-bf6d10316b53.jpg\" data-sub-html=\"\u0130zmir Kar\u015f\u0131yaka Tersane\">\u0130zmir Kar\u015f\u0131yaka Tersane<\/a><\/h5>\r\n\t\t\t\t<p class=\"portfolio-cates\"><a href=\"https:\/\/www.kantes.com.tr\/?portfolio_cat=projeler\">Projeler<\/a><\/p> \r\n\t\t\t<\/div>\r\n\t\t\t<a class=\"overlay\" href=\"https:\/\/www.kantes.com.tr\/?ot_portfolio=izmir-karsiyaka-tersane\"><\/a>\r\n\t\t<\/div>\r\n\t<\/div>\r\n<\/div>\r\n<div class=\"project-item category-14 \">\r\n\t<div class=\"projects-box\">\r\n\t\t<div class=\"projects-thumbnail\" data-src=\"https:\/\/www.kantes.com.tr\/wp-content\/uploads\/2025\/08\/68ea1e99-8ab6-4ca3-b773-470d1ed8e83b.jpg\" data-sub-html=\"Nida Suit Apart\">\r\n\t\t\t<a href=\"https:\/\/www.kantes.com.tr\/?ot_portfolio=stylish-family-appartment\">\r\n\t\t\t\t<img decoding=\"async\" width=\"720\" height=\"720\" src=\"https:\/\/www.kantes.com.tr\/wp-content\/uploads\/2025\/08\/68ea1e99-8ab6-4ca3-b773-470d1ed8e83b-720x720.jpg\" class=\"attachment-theratio-portfolio-thumbnail-grid size-theratio-portfolio-thumbnail-grid wp-post-image\" alt=\"\" srcset=\"https:\/\/www.kantes.com.tr\/wp-content\/uploads\/2025\/08\/68ea1e99-8ab6-4ca3-b773-470d1ed8e83b-720x720.jpg 720w, https:\/\/www.kantes.com.tr\/wp-content\/uploads\/2025\/08\/68ea1e99-8ab6-4ca3-b773-470d1ed8e83b-150x150.jpg 150w\" sizes=\"(max-width: 720px) 100vw, 720px\" \/>\t\t\t<\/a>\r\n\t\t\t\r\n\t\t\t<span class=\"overlay\">\r\n\t\t\t\t<h5>Nida Suit Apart<\/h5>\r\n\t\t\t\t<i class=\"ot-flaticon-add\"><\/i>\r\n\t\t\t<\/span>\r\n\t\t<\/div>\r\n\t\t<div class=\"portfolio-info\">\r\n\t\t\t<div class=\"portfolio-info-inner\">\r\n\t\t\t\t<h5><a class=\"title-link\" href=\"https:\/\/www.kantes.com.tr\/?ot_portfolio=stylish-family-appartment\" data-src=\"https:\/\/www.kantes.com.tr\/wp-content\/uploads\/2025\/08\/68ea1e99-8ab6-4ca3-b773-470d1ed8e83b.jpg\" data-sub-html=\"Nida Suit Apart\">Nida Suit Apart<\/a><\/h5>\r\n\t\t\t\t<p class=\"portfolio-cates\"><a href=\"https:\/\/www.kantes.com.tr\/?portfolio_cat=projeler\">Projeler<\/a><\/p> \r\n\t\t\t<\/div>\r\n\t\t\t<a class=\"overlay\" href=\"https:\/\/www.kantes.com.tr\/?ot_portfolio=stylish-family-appartment\"><\/a>\r\n\t\t<\/div>\r\n\t<\/div>\r\n<\/div>\r\n<div class=\"project-item category-14 \">\r\n\t<div class=\"projects-box\">\r\n\t\t<div class=\"projects-thumbnail\" data-src=\"https:\/\/www.kantes.com.tr\/wp-content\/uploads\/2025\/08\/481b9c1e-1053-4d12-9b85-aa22b37a723f.jpg\" data-sub-html=\"Ma\u00e7ka Almina Otel\">\r\n\t\t\t<a href=\"https:\/\/www.kantes.com.tr\/?ot_portfolio=minimalistic-style-appartment\">\r\n\t\t\t\t<img loading=\"lazy\" decoding=\"async\" width=\"720\" height=\"720\" src=\"https:\/\/www.kantes.com.tr\/wp-content\/uploads\/2025\/08\/481b9c1e-1053-4d12-9b85-aa22b37a723f-720x720.jpg\" class=\"attachment-theratio-portfolio-thumbnail-grid size-theratio-portfolio-thumbnail-grid wp-post-image\" alt=\"\" srcset=\"https:\/\/www.kantes.com.tr\/wp-content\/uploads\/2025\/08\/481b9c1e-1053-4d12-9b85-aa22b37a723f-720x720.jpg 720w, https:\/\/www.kantes.com.tr\/wp-content\/uploads\/2025\/08\/481b9c1e-1053-4d12-9b85-aa22b37a723f-150x150.jpg 150w\" sizes=\"(max-width: 720px) 100vw, 720px\" \/>\t\t\t<\/a>\r\n\t\t\t\r\n\t\t\t<span class=\"overlay\">\r\n\t\t\t\t<h5>Ma\u00e7ka Almina Otel<\/h5>\r\n\t\t\t\t<i class=\"ot-flaticon-add\"><\/i>\r\n\t\t\t<\/span>\r\n\t\t<\/div>\r\n\t\t<div class=\"portfolio-info\">\r\n\t\t\t<div class=\"portfolio-info-inner\">\r\n\t\t\t\t<h5><a class=\"title-link\" href=\"https:\/\/www.kantes.com.tr\/?ot_portfolio=minimalistic-style-appartment\" data-src=\"https:\/\/www.kantes.com.tr\/wp-content\/uploads\/2025\/08\/481b9c1e-1053-4d12-9b85-aa22b37a723f.jpg\" data-sub-html=\"Ma\u00e7ka Almina Otel\">Ma\u00e7ka Almina Otel<\/a><\/h5>\r\n\t\t\t\t<p class=\"portfolio-cates\"><a href=\"https:\/\/www.kantes.com.tr\/?portfolio_cat=projeler\">Projeler<\/a><\/p> \r\n\t\t\t<\/div>\r\n\t\t\t<a class=\"overlay\" href=\"https:\/\/www.kantes.com.tr\/?ot_portfolio=minimalistic-style-appartment\"><\/a>\r\n\t\t<\/div>\r\n\t<\/div>\r\n<\/div>\r\n<div class=\"project-item category-14 \">\r\n\t<div class=\"projects-box\">\r\n\t\t<div class=\"projects-thumbnail\" data-src=\"https:\/\/www.kantes.com.tr\/wp-content\/uploads\/2025\/08\/c3be634d-fa20-4d5a-88c0-7e8079865ac6.jpg\" data-sub-html=\"Ahmet&#8217;s Restaurant\">\r\n\t\t\t<a href=\"https:\/\/www.kantes.com.tr\/?ot_portfolio=art-family-residence\">\r\n\t\t\t\t<img loading=\"lazy\" decoding=\"async\" width=\"720\" height=\"720\" src=\"https:\/\/www.kantes.com.tr\/wp-content\/uploads\/2025\/08\/c3be634d-fa20-4d5a-88c0-7e8079865ac6-720x720.jpg\" class=\"attachment-theratio-portfolio-thumbnail-grid size-theratio-portfolio-thumbnail-grid wp-post-image\" alt=\"\" srcset=\"https:\/\/www.kantes.com.tr\/wp-content\/uploads\/2025\/08\/c3be634d-fa20-4d5a-88c0-7e8079865ac6-720x720.jpg 720w, https:\/\/www.kantes.com.tr\/wp-content\/uploads\/2025\/08\/c3be634d-fa20-4d5a-88c0-7e8079865ac6-150x150.jpg 150w\" sizes=\"(max-width: 720px) 100vw, 720px\" \/>\t\t\t<\/a>\r\n\t\t\t\r\n\t\t\t<span class=\"overlay\">\r\n\t\t\t\t<h5>Ahmet&#8217;s Restaurant<\/h5>\r\n\t\t\t\t<i class=\"ot-flaticon-add\"><\/i>\r\n\t\t\t<\/span>\r\n\t\t<\/div>\r\n\t\t<div class=\"portfolio-info\">\r\n\t\t\t<div class=\"portfolio-info-inner\">\r\n\t\t\t\t<h5><a class=\"title-link\" href=\"https:\/\/www.kantes.com.tr\/?ot_portfolio=art-family-residence\" data-src=\"https:\/\/www.kantes.com.tr\/wp-content\/uploads\/2025\/08\/c3be634d-fa20-4d5a-88c0-7e8079865ac6.jpg\" data-sub-html=\"Ahmet&#8217;s Restaurant\">Ahmet&#8217;s Restaurant<\/a><\/h5>\r\n\t\t\t\t<p class=\"portfolio-cates\"><a href=\"https:\/\/www.kantes.com.tr\/?portfolio_cat=projeler\">Projeler<\/a><\/p> \r\n\t\t\t<\/div>\r\n\t\t\t<a class=\"overlay\" href=\"https:\/\/www.kantes.com.tr\/?ot_portfolio=art-family-residence\"><\/a>\r\n\t\t<\/div>\r\n\t<\/div>\r\n<\/div>\r\n<div class=\"project-item category-14 \">\r\n\t<div class=\"projects-box\">\r\n\t\t<div class=\"projects-thumbnail\" data-src=\"https:\/\/www.kantes.com.tr\/wp-content\/uploads\/2025\/08\/sdfsdfsd.jpg\" data-sub-html=\"Havaliman\u0131 THY CHP Binas\u0131\">\r\n\t\t\t<a href=\"https:\/\/www.kantes.com.tr\/?ot_portfolio=private-house-in-spain\">\r\n\t\t\t\t<img loading=\"lazy\" decoding=\"async\" width=\"720\" height=\"720\" src=\"https:\/\/www.kantes.com.tr\/wp-content\/uploads\/2025\/08\/sdfsdfsd-720x720.jpg\" class=\"attachment-theratio-portfolio-thumbnail-grid size-theratio-portfolio-thumbnail-grid wp-post-image\" alt=\"\" srcset=\"https:\/\/www.kantes.com.tr\/wp-content\/uploads\/2025\/08\/sdfsdfsd-720x720.jpg 720w, https:\/\/www.kantes.com.tr\/wp-content\/uploads\/2025\/08\/sdfsdfsd-150x150.jpg 150w\" sizes=\"(max-width: 720px) 100vw, 720px\" \/>\t\t\t<\/a>\r\n\t\t\t\r\n\t\t\t<span class=\"overlay\">\r\n\t\t\t\t<h5>Havaliman\u0131 THY CHP Binas\u0131<\/h5>\r\n\t\t\t\t<i class=\"ot-flaticon-add\"><\/i>\r\n\t\t\t<\/span>\r\n\t\t<\/div>\r\n\t\t<div class=\"portfolio-info\">\r\n\t\t\t<div class=\"portfolio-info-inner\">\r\n\t\t\t\t<h5><a class=\"title-link\" href=\"https:\/\/www.kantes.com.tr\/?ot_portfolio=private-house-in-spain\" data-src=\"https:\/\/www.kantes.com.tr\/wp-content\/uploads\/2025\/08\/sdfsdfsd.jpg\" data-sub-html=\"Havaliman\u0131 THY CHP Binas\u0131\">Havaliman\u0131 THY CHP Binas\u0131<\/a><\/h5>\r\n\t\t\t\t<p class=\"portfolio-cates\"><a href=\"https:\/\/www.kantes.com.tr\/?portfolio_cat=projeler\">Projeler<\/a><\/p> \r\n\t\t\t<\/div>\r\n\t\t\t<a class=\"overlay\" href=\"https:\/\/www.kantes.com.tr\/?ot_portfolio=private-house-in-spain\"><\/a>\r\n\t\t<\/div>\r\n\t<\/div>\r\n<\/div>\t\t\t<\/div>\r\n\r\n\t\t\t<div class=\"btn-block\"><a href=\"#\" class=\"btn-loadmore octf-btn\" data-category=\"14\" data-loaded=\"Daha Fazla G\u00d6STER\" data-loading=\"Y\u00fckleniyor...\" data-style=\"grid\">Daha Fazla G\u00d6STER<\/a><\/div>\t    <\/div>\r\n\t\t\t\t\t\t\t\t\t\t\r\n\t    \t\t\t\t<\/div>\n\t\t\t\t<\/div>\n\t\t\t\t\t<\/div>\n\t\t<\/div>\n\t\t\t\t\t<\/div>\n\t\t<\/section>\n\t\t\t\t<\/div>\n\t\t","protected":false},"excerpt":{"rendered":"<p>[ Projelerimiz ] Projelerimizi Detayl\u0131 Bir \u015eekilde \u0130nceleyebilirsiniz Projeler Nida Suit Apart Nida Suit Apart Projeler Ma\u00e7ka Almina Otel Ma\u00e7ka Almina Otel Projeler Ahmet&#8217;s Restaurant Ahmet&#8217;s Restaurant Projeler Havaliman\u0131 THY CHP Binas\u0131 Havaliman\u0131 THY CHP Binas\u0131 Projeler Be\u015firli Migros Be\u015firli Migros Projeler Mora Otel Mora Otel Projeler Daha Fazla G\u00d6STER<\/p>\n","protected":false},"author":1,"featured_media":0,"parent":0,"menu_order":0,"comment_status":"closed","ping_status":"closed","template":"","meta":{"footnotes":""},"class_list":["post-3130","page","type-page","status-publish","hentry"],"_links":{"self":[{"href":"https:\/\/www.kantes.com.tr\/index.php?rest_route=\/wp\/v2\/pages\/3130","targetHints":{"allow":["GET"]}}],"collection":[{"href":"https:\/\/www.kantes.com.tr\/index.php?rest_route=\/wp\/v2\/pages"}],"about":[{"href":"https:\/\/www.kantes.com.tr\/index.php?rest_route=\/wp\/v2\/types\/page"}],"author":[{"embeddable":true,"href":"https:\/\/www.kantes.com.tr\/index.php?rest_route=\/wp\/v2\/users\/1"}],"replies":[{"embeddable":true,"href":"https:\/\/www.kantes.com.tr\/index.php?rest_route=%2Fwp%2Fv2%2Fcomments&post=3130"}],"version-history":[{"count":7,"href":"https:\/\/www.kantes.com.tr\/index.php?rest_route=\/wp\/v2\/pages\/3130\/revisions"}],"predecessor-version":[{"id":4244,"href":"https:\/\/www.kantes.com.tr\/index.php?rest_route=\/wp\/v2\/pages\/3130\/revisions\/4244"}],"wp:attachment":[{"href":"https:\/\/www.kantes.com.tr\/index.php?rest_route=%2Fwp%2Fv2%2Fmedia&parent=3130"}],"curies":[{"name":"wp","href":"https:\/\/api.w.org\/{rel}","templated":true}]}}