{"id":3144,"date":"2020-06-30T08:55:55","date_gmt":"2020-06-30T08:55:55","guid":{"rendered":"http:\/\/wpdemo.archiwp.com\/theratio-sidenav\/?page_id=3144"},"modified":"2025-08-28T17:05:59","modified_gmt":"2025-08-28T14:05:59","slug":"hakkimizda","status":"publish","type":"page","link":"https:\/\/www.kantes.com.tr\/?page_id=3144","title":{"rendered":"Hakk\u0131m\u0131zda"},"content":{"rendered":"\t\t<div data-elementor-type=\"wp-page\" data-elementor-id=\"3144\" class=\"elementor elementor-3144\">\n\t\t\t\t\t\t<section class=\"elementor-section elementor-top-section elementor-element elementor-element-df72e2d elementor-section-content-middle elementor-section-boxed elementor-section-height-default elementor-section-height-default\" data-id=\"df72e2d\" data-element_type=\"section\">\n\t\t\t\t\t\t<div class=\"elementor-container elementor-column-gap-extended\">\n\t\t\t\t\t<div class=\"elementor-column elementor-col-50 elementor-top-column elementor-element elementor-element-702c3f8 ot-flex-column-vertical\" data-id=\"702c3f8\" data-element_type=\"column\">\n\t\t\t<div class=\"elementor-widget-wrap elementor-element-populated\">\n\t\t\t\t\t\t<div class=\"elementor-element elementor-element-b217ac3 elementor-widget elementor-widget-image\" data-id=\"b217ac3\" data-element_type=\"widget\" data-widget_type=\"image.default\">\n\t\t\t\t\t\t\t\t\t\t\t\t\t\t\t<img fetchpriority=\"high\" decoding=\"async\" width=\"620\" height=\"530\" src=\"https:\/\/www.kantes.com.tr\/wp-content\/uploads\/2025\/08\/Basliksiz-1-3.png\" class=\"attachment-full size-full wp-image-4114\" alt=\"\" srcset=\"https:\/\/www.kantes.com.tr\/wp-content\/uploads\/2025\/08\/Basliksiz-1-3.png 620w, https:\/\/www.kantes.com.tr\/wp-content\/uploads\/2025\/08\/Basliksiz-1-3-300x256.png 300w\" sizes=\"(max-width: 620px) 100vw, 620px\" \/>\t\t\t\t\t\t\t\t\t\t\t\t\t\t\t<\/div>\n\t\t\t\t\t<\/div>\n\t\t<\/div>\n\t\t\t\t<div class=\"elementor-column elementor-col-50 elementor-top-column elementor-element elementor-element-fd9e4c7 ot-flex-column-vertical\" data-id=\"fd9e4c7\" data-element_type=\"column\">\n\t\t\t<div class=\"elementor-widget-wrap elementor-element-populated\">\n\t\t\t\t\t\t<div class=\"elementor-element elementor-element-890d398 elementor-widget elementor-widget-iheading\" data-id=\"890d398\" data-element_type=\"widget\" data-widget_type=\"iheading.default\">\n\t\t\t\t<div class=\"elementor-widget-container\">\n\t\t\t\t\t\t\t<div class=\"ot-heading is-dots\">\r\n\t        <span>[ Hakk\u0131m\u0131zda ]<\/span>\t        <h2 class=\"main-heading\">Bizimle \u0130lerleyin!<\/h2>\t    <\/div>\r\n\t    \t\t\t\t<\/div>\n\t\t\t\t<\/div>\n\t\t\t\t<div class=\"elementor-element elementor-element-72340e0 elementor-widget elementor-widget-text-editor\" data-id=\"72340e0\" data-element_type=\"widget\" data-widget_type=\"text-editor.default\">\n\t\t\t\t\t\t\t\t\t<p data-start=\"146\" data-end=\"491\">G\u00fcvenilir, yenilik\u00e7i ve s\u00fcrd\u00fcr\u00fclebilir \u00e7\u00f6z\u00fcmlerle gelece\u011fi birlikte in\u015fa ediyoruz. Deneyimli kadromuz, g\u00fc\u00e7l\u00fc m\u00fchendislik altyap\u0131m\u0131z ve projeye \u00f6zel \u00e7\u00f6z\u00fcmlerimizle; zaman\u0131nda, kaliteli ve ekonomik hizmet sunmay\u0131 taahh\u00fct ediyoruz.<br data-start=\"374\" data-end=\"377\" \/>\u0130htiyac\u0131n\u0131z olan her ad\u0131mda yan\u0131n\u0131zda olmak, projelerinizi sadece tamamlamak de\u011fil, de\u011fer katmak i\u00e7in buraday\u0131z.<\/p><p data-start=\"493\" data-end=\"573\"><strong data-start=\"493\" data-end=\"573\">Siz de sa\u011flam temeller \u00fczerine kurulu bir i\u015f birli\u011fi i\u00e7in bizimle ilerleyin.<\/strong><\/p>\t\t\t\t\t\t\t\t<\/div>\n\t\t\t\t<div class=\"elementor-element elementor-element-c5ebb47 elementor-widget elementor-widget-ibutton\" data-id=\"c5ebb47\" data-element_type=\"widget\" data-widget_type=\"ibutton.default\">\n\t\t\t\t<div class=\"elementor-widget-container\">\n\t\t\t\t\t\t\t<div class=\"ot-button\">\r\n\t\t\t<a href=\"http:\/\/wpdemo.archiwp.com\/theratio-sidenav\/portfolio-grid\/\" class=\"octf-btn octf-btn-light\">Projelerimiz<\/a>\r\n\t    <\/div>\r\n\t    \t\t\t\t<\/div>\n\t\t\t\t<\/div>\n\t\t\t\t\t<\/div>\n\t\t<\/div>\n\t\t\t\t\t<\/div>\n\t\t<\/section>\n\t\t\t\t<section class=\"elementor-section elementor-top-section elementor-element elementor-element-9da623e elementor-section-boxed elementor-section-height-default elementor-section-height-default\" data-id=\"9da623e\" data-element_type=\"section\" data-settings=\"{&quot;background_background&quot;:&quot;classic&quot;}\">\n\t\t\t\t\t\t<div class=\"elementor-container elementor-column-gap-default\">\n\t\t\t\t\t<div class=\"elementor-column elementor-col-100 elementor-top-column elementor-element elementor-element-16cfa0c ot-flex-column-vertical\" data-id=\"16cfa0c\" data-element_type=\"column\">\n\t\t\t<div class=\"elementor-widget-wrap elementor-element-populated\">\n\t\t\t\t\t\t<div class=\"elementor-element elementor-element-55f58db theratio-align-center elementor-widget elementor-widget-iheading\" data-id=\"55f58db\" data-element_type=\"widget\" data-widget_type=\"iheading.default\">\n\t\t\t\t<div class=\"elementor-widget-container\">\n\t\t\t\t\t\t\t<div class=\"ot-heading is-dots\">\r\n\t        <span>[ Strateji ]<\/span>\t        <h2 class=\"main-heading\">Felsefemiz<\/h2>\t    <\/div>\r\n\t    \t\t\t\t<\/div>\n\t\t\t\t<\/div>\n\t\t\t\t<section class=\"elementor-section elementor-inner-section elementor-element elementor-element-765bb86 elementor-section-full_width elementor-section-height-default elementor-section-height-default\" data-id=\"765bb86\" data-element_type=\"section\">\n\t\t\t\t\t\t<div class=\"elementor-container elementor-column-gap-extended\">\n\t\t\t\t\t<div class=\"elementor-column elementor-col-33 elementor-inner-column elementor-element elementor-element-bb34f0d ot-flex-column-vertical\" data-id=\"bb34f0d\" data-element_type=\"column\">\n\t\t\t<div class=\"elementor-widget-wrap elementor-element-populated\">\n\t\t\t\t\t\t<div class=\"elementor-element elementor-element-fa6f387 elementor-widget elementor-widget-iflip_box\" data-id=\"fa6f387\" data-element_type=\"widget\" data-widget_type=\"iflip_box.default\">\n\t\t\t\t<div class=\"elementor-widget-container\">\n\t\t\t\t\t\r\n\t\t<div class=\"support-box\">\r\n\t\t\t<div class=\"inner-box\">\r\n\t\t\t\t<div class=\"overlay flex-middle\">\r\n\t\t\t\t\t<div class=\"inner\">\r\n\t\t\t\t\t\t<p>G\u00fcvenli, estetik ve s\u00fcrd\u00fcr\u00fclebilir yap\u0131lar in\u015fa ederek; m\u00fchendislikte kaliteyi, \u00e7evreye duyarl\u0131l\u0131\u011f\u0131 ve m\u00fc\u015fteri memnuniyetini \u00f6n planda tutmak.\nHer projeye, sadece teknik bir \u00e7\u00f6z\u00fcm de\u011fil; insan hayat\u0131na de\u011fer katan, gelece\u011fe kal\u0131c\u0131 izler b\u0131rakan bir vizyonla yakla\u015fmak.\n<\/p>\r\n\t\t\t\t\t<\/div>\r\n\t\t\t\t<\/div>\r\n\t\t\t\t<div class=\"content-box\">\r\n\t\t\t\t\t<div class=\"icon-title\">\r\n\t\t\t\t        \t\t\t\t        <span class=\"ot-flaticon-brickwall\"><\/span>\t\t\t\t        <h5 class=\"support-box-title\">Misyon<\/h5>\t\t\t        <\/div>\r\n\t\t\t\t\t<img decoding=\"async\" width=\"750\" height=\"628\" src=\"https:\/\/www.kantes.com.tr\/wp-content\/uploads\/2020\/07\/support1-1.jpg\" class=\"attachment-full size-full wp-image-3253\" alt=\"\" srcset=\"https:\/\/www.kantes.com.tr\/wp-content\/uploads\/2020\/07\/support1-1.jpg 750w, https:\/\/www.kantes.com.tr\/wp-content\/uploads\/2020\/07\/support1-1-300x251.jpg 300w\" sizes=\"(max-width: 750px) 100vw, 750px\" \/>\t\t\t\t<\/div>\r\n\t\t\t<\/div>\r\n\t    <\/div>\r\n\r\n\t    \t\t\t\t<\/div>\n\t\t\t\t<\/div>\n\t\t\t\t\t<\/div>\n\t\t<\/div>\n\t\t\t\t<div class=\"elementor-column elementor-col-33 elementor-inner-column elementor-element elementor-element-7e8f247 ot-flex-column-vertical\" data-id=\"7e8f247\" data-element_type=\"column\">\n\t\t\t<div class=\"elementor-widget-wrap elementor-element-populated\">\n\t\t\t\t\t\t<div class=\"elementor-element elementor-element-c8a9e09 elementor-widget elementor-widget-iflip_box\" data-id=\"c8a9e09\" data-element_type=\"widget\" data-widget_type=\"iflip_box.default\">\n\t\t\t\t<div class=\"elementor-widget-container\">\n\t\t\t\t\t\r\n\t\t<div class=\"support-box\">\r\n\t\t\t<div class=\"inner-box\">\r\n\t\t\t\t<div class=\"overlay flex-middle\">\r\n\t\t\t\t\t<div class=\"inner\">\r\n\t\t\t\t\t\t<p>\u0130n\u015faat m\u00fchendisli\u011fi alan\u0131nda yenilik\u00e7i, g\u00fcvenilir ve s\u00fcrd\u00fcr\u00fclebilir projelerle sadece bug\u00fcn\u00fc de\u011fil, yar\u0131n\u0131n \u015fehirlerini de \u015fekillendiren \u00f6nc\u00fc bir firma olmak.\nTeknolojiyi, m\u00fchendislik bilgisini ve estetik anlay\u0131\u015f\u0131 birle\u015ftirerek, ulusal ve uluslararas\u0131 \u00f6l\u00e7ekte tercih edilen ve g\u00fcven duyulan bir marka haline gelmek.\n<\/p>\r\n\t\t\t\t\t<\/div>\r\n\t\t\t\t<\/div>\r\n\t\t\t\t<div class=\"content-box\">\r\n\t\t\t\t\t<div class=\"icon-title\">\r\n\t\t\t\t        \t\t\t\t        <span class=\"ot-flaticon-paint\"><\/span>\t\t\t\t        <h5 class=\"support-box-title\">Vizyon<\/h5>\t\t\t        <\/div>\r\n\t\t\t\t\t<img decoding=\"async\" width=\"750\" height=\"628\" src=\"https:\/\/www.kantes.com.tr\/wp-content\/uploads\/2020\/07\/support2-1.jpg\" class=\"attachment-full size-full wp-image-3255\" alt=\"\" srcset=\"https:\/\/www.kantes.com.tr\/wp-content\/uploads\/2020\/07\/support2-1.jpg 750w, https:\/\/www.kantes.com.tr\/wp-content\/uploads\/2020\/07\/support2-1-300x251.jpg 300w\" sizes=\"(max-width: 750px) 100vw, 750px\" \/>\t\t\t\t<\/div>\r\n\t\t\t<\/div>\r\n\t    <\/div>\r\n\r\n\t    \t\t\t\t<\/div>\n\t\t\t\t<\/div>\n\t\t\t\t\t<\/div>\n\t\t<\/div>\n\t\t\t\t<div class=\"elementor-column elementor-col-33 elementor-inner-column elementor-element elementor-element-cbc1a0f ot-flex-column-vertical\" data-id=\"cbc1a0f\" data-element_type=\"column\">\n\t\t\t<div class=\"elementor-widget-wrap elementor-element-populated\">\n\t\t\t\t\t\t<div class=\"elementor-element elementor-element-e0a1426 elementor-widget elementor-widget-iflip_box\" data-id=\"e0a1426\" data-element_type=\"widget\" data-widget_type=\"iflip_box.default\">\n\t\t\t\t<div class=\"elementor-widget-container\">\n\t\t\t\t\t\r\n\t\t<div class=\"support-box\">\r\n\t\t\t<div class=\"inner-box\">\r\n\t\t\t\t<div class=\"overlay flex-middle\">\r\n\t\t\t\t\t<div class=\"inner\">\r\n\t\t\t\t\t\t<p>G\u00fcven,\nKalite,\n\u0130novasyon,\nS\u00fcrd\u00fcr\u00fclebilirlik,\n\u0130nsan Odakl\u0131l\u0131k,\nEkip Ruhu<\/p>\r\n\t\t\t\t\t<\/div>\r\n\t\t\t\t<\/div>\r\n\t\t\t\t<div class=\"content-box\">\r\n\t\t\t\t\t<div class=\"icon-title\">\r\n\t\t\t\t        \t\t\t\t        <span class=\"ot-flaticon-paint\"><\/span>\t\t\t\t        <h5 class=\"support-box-title\">De\u011ferlerimiz<\/h5>\t\t\t        <\/div>\r\n\t\t\t\t\t<img decoding=\"async\" width=\"750\" height=\"628\" src=\"https:\/\/www.kantes.com.tr\/wp-content\/uploads\/2020\/07\/support2-1.jpg\" class=\"attachment-full size-full wp-image-3255\" alt=\"\" srcset=\"https:\/\/www.kantes.com.tr\/wp-content\/uploads\/2020\/07\/support2-1.jpg 750w, https:\/\/www.kantes.com.tr\/wp-content\/uploads\/2020\/07\/support2-1-300x251.jpg 300w\" sizes=\"(max-width: 750px) 100vw, 750px\" \/>\t\t\t\t<\/div>\r\n\t\t\t<\/div>\r\n\t    <\/div>\r\n\r\n\t    \t\t\t\t<\/div>\n\t\t\t\t<\/div>\n\t\t\t\t\t<\/div>\n\t\t<\/div>\n\t\t\t\t\t<\/div>\n\t\t<\/section>\n\t\t\t\t\t<\/div>\n\t\t<\/div>\n\t\t\t\t\t<\/div>\n\t\t<\/section>\n\t\t\t\t<section class=\"elementor-section elementor-top-section elementor-element elementor-element-a794d5f elementor-section-boxed elementor-section-height-default elementor-section-height-default\" data-id=\"a794d5f\" data-element_type=\"section\">\n\t\t\t\t\t\t<div class=\"elementor-container elementor-column-gap-extended\">\n\t\t\t\t\t<div class=\"elementor-column elementor-col-25 elementor-top-column elementor-element elementor-element-71a60d4 ot-flex-column-vertical\" data-id=\"71a60d4\" data-element_type=\"column\">\n\t\t\t<div class=\"elementor-widget-wrap elementor-element-populated\">\n\t\t\t\t\t\t<div class=\"elementor-element elementor-element-ab6c44f elementor-widget elementor-widget-icounter\" data-id=\"ab6c44f\" data-element_type=\"widget\" data-widget_type=\"icounter.default\">\n\t\t\t\t<div class=\"elementor-widget-container\">\n\t\t\t\t\t    \t<div class=\"ot-counter\" data-counter=\"180\">\r\n        \t<div>\r\n        \t\t<span>[<\/span>\r\n        \t\t<span class=\"num\" data-to=\"180\" data-time= \"2000\"><\/span>\r\n        \t\t<span>+]<\/span>\r\n        \t<\/div>\r\n        \t<h6 class=\"counter-title\">Ba\u015far\u0131l\u0131 Proje<\/h6>    \t\t\t\t        \r\n\t    <\/div>\r\n\t    \t\t\t\t<\/div>\n\t\t\t\t<\/div>\n\t\t\t\t\t<\/div>\n\t\t<\/div>\n\t\t\t\t<div class=\"elementor-column elementor-col-25 elementor-top-column elementor-element elementor-element-693eb16 ot-flex-column-vertical\" data-id=\"693eb16\" data-element_type=\"column\">\n\t\t\t<div class=\"elementor-widget-wrap elementor-element-populated\">\n\t\t\t\t\t\t<div class=\"elementor-element elementor-element-2585cbc elementor-widget elementor-widget-icounter\" data-id=\"2585cbc\" data-element_type=\"widget\" data-widget_type=\"icounter.default\">\n\t\t\t\t<div class=\"elementor-widget-container\">\n\t\t\t\t\t    \t<div class=\"ot-counter\" data-counter=\"20\">\r\n        \t<div>\r\n        \t\t<span>[<\/span>\r\n        \t\t<span class=\"num\" data-to=\"20\" data-time= \"2000\"><\/span>\r\n        \t\t<span>]<\/span>\r\n        \t<\/div>\r\n        \t<h6 class=\"counter-title\">Y\u0131ll\u0131k Hizmet<\/h6>    \t\t\t\t        \r\n\t    <\/div>\r\n\t    \t\t\t\t<\/div>\n\t\t\t\t<\/div>\n\t\t\t\t\t<\/div>\n\t\t<\/div>\n\t\t\t\t<div class=\"elementor-column elementor-col-25 elementor-top-column elementor-element elementor-element-6076105 ot-flex-column-vertical\" data-id=\"6076105\" data-element_type=\"column\">\n\t\t\t<div class=\"elementor-widget-wrap elementor-element-populated\">\n\t\t\t\t\t\t<div class=\"elementor-element elementor-element-e355354 elementor-widget elementor-widget-icounter\" data-id=\"e355354\" data-element_type=\"widget\" data-widget_type=\"icounter.default\">\n\t\t\t\t<div class=\"elementor-widget-container\">\n\t\t\t\t\t    \t<div class=\"ot-counter\" data-counter=\"99\">\r\n        \t<div>\r\n        \t\t<span>[<\/span>\r\n        \t\t<span class=\"num\" data-to=\"99\" data-time= \"2000\"><\/span>\r\n        \t\t<span>+]<\/span>\r\n        \t<\/div>\r\n        \t<h6 class=\"counter-title\">Mutlu M\u00fc\u015fteri<\/h6>    \t\t\t\t        \r\n\t    <\/div>\r\n\t    \t\t\t\t<\/div>\n\t\t\t\t<\/div>\n\t\t\t\t\t<\/div>\n\t\t<\/div>\n\t\t\t\t<div class=\"elementor-column elementor-col-25 elementor-top-column elementor-element elementor-element-70e8ade ot-flex-column-vertical\" data-id=\"70e8ade\" data-element_type=\"column\">\n\t\t\t<div class=\"elementor-widget-wrap elementor-element-populated\">\n\t\t\t\t\t\t<div class=\"elementor-element elementor-element-488ddbb elementor-widget elementor-widget-icounter\" data-id=\"488ddbb\" data-element_type=\"widget\" data-widget_type=\"icounter.default\">\n\t\t\t\t<div class=\"elementor-widget-container\">\n\t\t\t\t\t    \t<div class=\"ot-counter\" data-counter=\"50\">\r\n        \t<div>\r\n        \t\t<span>[<\/span>\r\n        \t\t<span class=\"num\" data-to=\"50\" data-time= \"2000\"><\/span>\r\n        \t\t<span>+]<\/span>\r\n        \t<\/div>\r\n        \t<h6 class=\"counter-title\">Tecr\u00fcbeli \u00c7al\u0131\u015fma Arkada\u015flar\u0131<\/h6>    \t\t\t\t        \r\n\t    <\/div>\r\n\t    \t\t\t\t<\/div>\n\t\t\t\t<\/div>\n\t\t\t\t\t<\/div>\n\t\t<\/div>\n\t\t\t\t\t<\/div>\n\t\t<\/section>\n\t\t\t\t<\/div>\n\t\t","protected":false},"excerpt":{"rendered":"<p>[ Hakk\u0131m\u0131zda ] Bizimle \u0130lerleyin! G\u00fcvenilir, yenilik\u00e7i ve s\u00fcrd\u00fcr\u00fclebilir \u00e7\u00f6z\u00fcmlerle gelece\u011fi birlikte in\u015fa ediyoruz. Deneyimli kadromuz, g\u00fc\u00e7l\u00fc m\u00fchendislik altyap\u0131m\u0131z ve projeye \u00f6zel \u00e7\u00f6z\u00fcmlerimizle; zaman\u0131nda, kaliteli ve ekonomik hizmet sunmay\u0131 taahh\u00fct ediyoruz.\u0130htiyac\u0131n\u0131z olan her ad\u0131mda yan\u0131n\u0131zda olmak, projelerinizi sadece tamamlamak de\u011fil, de\u011fer katmak i\u00e7in buraday\u0131z. Siz de sa\u011flam temeller \u00fczerine kurulu bir i\u015f birli\u011fi i\u00e7in bizimle [&hellip;]<\/p>\n","protected":false},"author":1,"featured_media":0,"parent":0,"menu_order":0,"comment_status":"closed","ping_status":"closed","template":"","meta":{"footnotes":""},"class_list":["post-3144","page","type-page","status-publish","hentry"],"_links":{"self":[{"href":"https:\/\/www.kantes.com.tr\/index.php?rest_route=\/wp\/v2\/pages\/3144","targetHints":{"allow":["GET"]}}],"collection":[{"href":"https:\/\/www.kantes.com.tr\/index.php?rest_route=\/wp\/v2\/pages"}],"about":[{"href":"https:\/\/www.kantes.com.tr\/index.php?rest_route=\/wp\/v2\/types\/page"}],"author":[{"embeddable":true,"href":"https:\/\/www.kantes.com.tr\/index.php?rest_route=\/wp\/v2\/users\/1"}],"replies":[{"embeddable":true,"href":"https:\/\/www.kantes.com.tr\/index.php?rest_route=%2Fwp%2Fv2%2Fcomments&post=3144"}],"version-history":[{"count":10,"href":"https:\/\/www.kantes.com.tr\/index.php?rest_route=\/wp\/v2\/pages\/3144\/revisions"}],"predecessor-version":[{"id":4299,"href":"https:\/\/www.kantes.com.tr\/index.php?rest_route=\/wp\/v2\/pages\/3144\/revisions\/4299"}],"wp:attachment":[{"href":"https:\/\/www.kantes.com.tr\/index.php?rest_route=%2Fwp%2Fv2%2Fmedia&parent=3144"}],"curies":[{"name":"wp","href":"https:\/\/api.w.org\/{rel}","templated":true}]}}