{"id":4246,"date":"2025-08-28T16:33:29","date_gmt":"2025-08-28T13:33:29","guid":{"rendered":"https:\/\/www.kantes.com.tr\/?page_id=4246"},"modified":"2025-08-28T16:38:49","modified_gmt":"2025-08-28T13:38:49","slug":"havalandirma-sistemleri","status":"publish","type":"page","link":"https:\/\/www.kantes.com.tr\/?page_id=4246","title":{"rendered":"Havaland\u0131rma Sistemleri"},"content":{"rendered":"\t\t<div data-elementor-type=\"wp-page\" data-elementor-id=\"4246\" class=\"elementor elementor-4246\">\n\t\t\t\t<div class=\"elementor-element elementor-element-b0cd954 e-flex e-con-boxed e-con e-parent\" data-id=\"b0cd954\" data-element_type=\"container\">\n\t\t\t\t\t<div class=\"e-con-inner\">\n\t\t\t\t<div class=\"elementor-element elementor-element-485a26e elementor-widget elementor-widget-heading\" data-id=\"485a26e\" data-element_type=\"widget\" data-widget_type=\"heading.default\">\n\t\t\t\t\t<h2 class=\"elementor-heading-title elementor-size-default\">Havaland\u0131rma Sistemleri<\/h2>\t\t\t\t<\/div>\n\t\t\t\t<div class=\"elementor-element elementor-element-560560f elementor-widget elementor-widget-text-editor\" data-id=\"560560f\" data-element_type=\"widget\" data-widget_type=\"text-editor.default\">\n\t\t\t\t\t\t\t\t\t<p data-start=\"125\" data-end=\"383\">Havaland\u0131rma sistemleri, i\u00e7 mek\u00e2nlarda sa\u011fl\u0131kl\u0131 ve konforlu bir ortam sa\u011flamak i\u00e7in kullan\u0131lan kritik altyap\u0131 sistemleridir. Bu sistemler, hem evlerde hem de ticari ve end\u00fcstriyel yap\u0131larda hava kalitesini iyile\u015ftirir, nem ve s\u0131cakl\u0131k kontrol\u00fcn\u00fc destekler.<\/p><ul data-start=\"385\" data-end=\"1000\"><li data-start=\"385\" data-end=\"566\"><p data-start=\"387\" data-end=\"407\"><strong data-start=\"387\" data-end=\"405\">Temel Ama\u00e7lar:<\/strong><\/p><ul data-start=\"410\" data-end=\"566\"><li data-start=\"410\" data-end=\"455\"><p data-start=\"412\" data-end=\"455\">\u0130\u00e7 mekanlarda s\u00fcrekli taze hava sa\u011flamak.<\/p><\/li><li data-start=\"458\" data-end=\"519\"><p data-start=\"460\" data-end=\"519\">Havadaki kirletici ve zararl\u0131 partik\u00fclleri uzakla\u015ft\u0131rmak.<\/p><\/li><li data-start=\"522\" data-end=\"566\"><p data-start=\"524\" data-end=\"566\">Uygun s\u0131cakl\u0131k ve nem dengesini korumak.<\/p><\/li><\/ul><\/li><li data-start=\"568\" data-end=\"826\"><p data-start=\"570\" data-end=\"587\"><strong data-start=\"570\" data-end=\"585\">Avantajlar:<\/strong><\/p><ul data-start=\"590\" data-end=\"826\"><li data-start=\"590\" data-end=\"643\"><p data-start=\"592\" data-end=\"643\">Sa\u011fl\u0131kl\u0131 ve ferah bir ya\u015fam\/\u00e7al\u0131\u015fma ortam\u0131 sunar.<\/p><\/li><li data-start=\"646\" data-end=\"712\"><p data-start=\"648\" data-end=\"712\">Enerji verimli \u00e7\u00f6z\u00fcmlerle iklimlendirme maliyetlerini d\u00fc\u015f\u00fcr\u00fcr.<\/p><\/li><li data-start=\"715\" data-end=\"826\"><p data-start=\"717\" data-end=\"826\">\u00d6zellikle mutfak, laboratuvar ve \u00fcretim alanlar\u0131 gibi yo\u011fun kullan\u0131m alanlar\u0131nda konfor ve hijyeni art\u0131r\u0131r.<\/p><\/li><\/ul><\/li><li data-start=\"828\" data-end=\"1000\"><p data-start=\"830\" data-end=\"854\"><strong data-start=\"830\" data-end=\"852\">Uygulama Alanlar\u0131:<\/strong><\/p><ul data-start=\"857\" data-end=\"1000\"><li data-start=\"857\" data-end=\"903\"><p data-start=\"859\" data-end=\"903\">Konutlar, ofisler, oteller ve restoranlar.<\/p><\/li><li data-start=\"906\" data-end=\"951\"><p data-start=\"908\" data-end=\"951\">Fabrikalar, at\u00f6lyeler ve servis alanlar\u0131.<\/p><\/li><li data-start=\"954\" data-end=\"1000\"><p data-start=\"956\" data-end=\"1000\">Kamu binalar\u0131, e\u011fitim ve sa\u011fl\u0131k tesisleri.<\/p><\/li><\/ul><\/li><\/ul><p data-start=\"1002\" data-end=\"1130\">Havaland\u0131rma sistemleri, do\u011fru tasar\u0131m ve d\u00fczenli bak\u0131m ile hem kullan\u0131c\u0131 sa\u011fl\u0131\u011f\u0131n\u0131 korur hem de enerji verimlili\u011fini art\u0131r\u0131r.<\/p>\t\t\t\t\t\t\t\t<\/div>\n\t\t\t\t\t<\/div>\n\t\t\t\t<\/div>\n\t\t\t\t<\/div>\n\t\t","protected":false},"excerpt":{"rendered":"<p>Havaland\u0131rma Sistemleri Havaland\u0131rma sistemleri, i\u00e7 mek\u00e2nlarda sa\u011fl\u0131kl\u0131 ve konforlu bir ortam sa\u011flamak i\u00e7in kullan\u0131lan kritik altyap\u0131 sistemleridir. Bu sistemler, hem evlerde hem de ticari ve end\u00fcstriyel yap\u0131larda hava kalitesini iyile\u015ftirir, nem ve s\u0131cakl\u0131k kontrol\u00fcn\u00fc destekler. Temel Ama\u00e7lar: \u0130\u00e7 mekanlarda s\u00fcrekli taze hava sa\u011flamak. Havadaki kirletici ve zararl\u0131 partik\u00fclleri uzakla\u015ft\u0131rmak. Uygun s\u0131cakl\u0131k ve nem dengesini korumak. [&hellip;]<\/p>\n","protected":false},"author":1,"featured_media":0,"parent":0,"menu_order":0,"comment_status":"closed","ping_status":"closed","template":"","meta":{"footnotes":""},"class_list":["post-4246","page","type-page","status-publish","hentry"],"_links":{"self":[{"href":"https:\/\/www.kantes.com.tr\/index.php?rest_route=\/wp\/v2\/pages\/4246","targetHints":{"allow":["GET"]}}],"collection":[{"href":"https:\/\/www.kantes.com.tr\/index.php?rest_route=\/wp\/v2\/pages"}],"about":[{"href":"https:\/\/www.kantes.com.tr\/index.php?rest_route=\/wp\/v2\/types\/page"}],"author":[{"embeddable":true,"href":"https:\/\/www.kantes.com.tr\/index.php?rest_route=\/wp\/v2\/users\/1"}],"replies":[{"embeddable":true,"href":"https:\/\/www.kantes.com.tr\/index.php?rest_route=%2Fwp%2Fv2%2Fcomments&post=4246"}],"version-history":[{"count":4,"href":"https:\/\/www.kantes.com.tr\/index.php?rest_route=\/wp\/v2\/pages\/4246\/revisions"}],"predecessor-version":[{"id":4252,"href":"https:\/\/www.kantes.com.tr\/index.php?rest_route=\/wp\/v2\/pages\/4246\/revisions\/4252"}],"wp:attachment":[{"href":"https:\/\/www.kantes.com.tr\/index.php?rest_route=%2Fwp%2Fv2%2Fmedia&parent=4246"}],"curies":[{"name":"wp","href":"https:\/\/api.w.org\/{rel}","templated":true}]}}