{"id":4253,"date":"2025-08-28T16:41:12","date_gmt":"2025-08-28T13:41:12","guid":{"rendered":"https:\/\/www.kantes.com.tr\/?page_id=4253"},"modified":"2025-08-28T16:43:06","modified_gmt":"2025-08-28T13:43:06","slug":"sihhi-tesisat","status":"publish","type":"page","link":"https:\/\/www.kantes.com.tr\/?page_id=4253","title":{"rendered":"S\u0131hhi Tesisat"},"content":{"rendered":"\t\t<div data-elementor-type=\"wp-page\" data-elementor-id=\"4253\" class=\"elementor elementor-4253\">\n\t\t\t\t<div class=\"elementor-element elementor-element-0a4ebbc e-flex e-con-boxed e-con e-parent\" data-id=\"0a4ebbc\" data-element_type=\"container\">\n\t\t\t\t\t<div class=\"e-con-inner\">\n\t\t\t\t<div class=\"elementor-element elementor-element-eaaa012 elementor-widget elementor-widget-heading\" data-id=\"eaaa012\" data-element_type=\"widget\" data-widget_type=\"heading.default\">\n\t\t\t\t\t<h2 class=\"elementor-heading-title elementor-size-default\">S\u0131hhi Tesisat Hizmetleri<\/h2>\t\t\t\t<\/div>\n\t\t\t\t<div class=\"elementor-element elementor-element-122b0aa elementor-widget elementor-widget-text-editor\" data-id=\"122b0aa\" data-element_type=\"widget\" data-widget_type=\"text-editor.default\">\n\t\t\t\t\t\t\t\t\t<p data-start=\"155\" data-end=\"313\">S\u0131hhi tesisat hizmetleri, yap\u0131lar\u0131n su temini ve at\u0131k su sistemlerinin g\u00fcvenli, hijyenik ve verimli \u015fekilde \u00e7al\u0131\u015fmas\u0131n\u0131 sa\u011flamak i\u00e7in kritik \u00f6neme sahiptir.<\/p><ul data-start=\"315\" data-end=\"779\"><li data-start=\"315\" data-end=\"401\"><p data-start=\"317\" data-end=\"401\"><strong data-start=\"317\" data-end=\"342\">\ud83d\udca7 Temiz Su Da\u011f\u0131t\u0131m\u0131:<\/strong><br data-start=\"342\" data-end=\"345\" \/>Temiz suyun g\u00fcvenli ve kesintisiz da\u011f\u0131t\u0131m\u0131n\u0131 sa\u011flar.<\/p><\/li><li data-start=\"403\" data-end=\"514\"><p data-start=\"405\" data-end=\"514\"><strong data-start=\"405\" data-end=\"436\">\ud83d\udeb0 At\u0131k Su ve Kanalizasyon:<\/strong><br data-start=\"436\" data-end=\"439\" \/>At\u0131k su sistemlerinin sa\u011fl\u0131kl\u0131 \u015fekilde uzakla\u015ft\u0131r\u0131lmas\u0131n\u0131 garanti eder.<\/p><\/li><li data-start=\"516\" data-end=\"639\"><p data-start=\"518\" data-end=\"538\"><strong data-start=\"518\" data-end=\"536\">\u2699\ufe0f Avantajlar:<\/strong><\/p><ul data-start=\"541\" data-end=\"639\"><li data-start=\"541\" data-end=\"574\"><p data-start=\"543\" data-end=\"574\">Sa\u011fl\u0131kl\u0131 ve g\u00fcvenli su temini<\/p><\/li><li data-start=\"577\" data-end=\"598\"><p data-start=\"579\" data-end=\"598\">Konforlu kullan\u0131m<\/p><\/li><li data-start=\"601\" data-end=\"639\"><p data-start=\"603\" data-end=\"639\">Uzun \u00f6m\u00fcrl\u00fc ve dayan\u0131kl\u0131 sistemler<\/p><\/li><\/ul><\/li><li data-start=\"641\" data-end=\"779\"><p data-start=\"643\" data-end=\"670\"><strong data-start=\"643\" data-end=\"668\">\ud83c\udfe2 Uygulama Alanlar\u0131:<\/strong><\/p><ul data-start=\"673\" data-end=\"779\"><li data-start=\"673\" data-end=\"700\"><p data-start=\"675\" data-end=\"700\">Konutlar ve apartmanlar<\/p><\/li><li data-start=\"703\" data-end=\"745\"><p data-start=\"705\" data-end=\"745\">Restoranlar, oteller ve ticari binalar<\/p><\/li><li data-start=\"748\" data-end=\"779\"><p data-start=\"750\" data-end=\"779\">Fabrikalar ve kamu binalar\u0131<\/p><\/li><\/ul><\/li><\/ul><p data-start=\"781\" data-end=\"929\">S\u0131hhi tesisat hizmetleri, kaliteli malzeme ve do\u011fru tasar\u0131m ile hem kullan\u0131c\u0131 sa\u011fl\u0131\u011f\u0131n\u0131 korur hem de yap\u0131lar\u0131n enerji ve su verimlili\u011fini art\u0131r\u0131r.<\/p>\t\t\t\t\t\t\t\t<\/div>\n\t\t\t\t\t<\/div>\n\t\t\t\t<\/div>\n\t\t\t\t<\/div>\n\t\t","protected":false},"excerpt":{"rendered":"<p>S\u0131hhi Tesisat Hizmetleri S\u0131hhi tesisat hizmetleri, yap\u0131lar\u0131n su temini ve at\u0131k su sistemlerinin g\u00fcvenli, hijyenik ve verimli \u015fekilde \u00e7al\u0131\u015fmas\u0131n\u0131 sa\u011flamak i\u00e7in kritik \u00f6neme sahiptir. \ud83d\udca7 Temiz Su Da\u011f\u0131t\u0131m\u0131:Temiz suyun g\u00fcvenli ve kesintisiz da\u011f\u0131t\u0131m\u0131n\u0131 sa\u011flar. \ud83d\udeb0 At\u0131k Su ve Kanalizasyon:At\u0131k su sistemlerinin sa\u011fl\u0131kl\u0131 \u015fekilde uzakla\u015ft\u0131r\u0131lmas\u0131n\u0131 garanti eder. \u2699\ufe0f Avantajlar: Sa\u011fl\u0131kl\u0131 ve g\u00fcvenli su temini Konforlu kullan\u0131m [&hellip;]<\/p>\n","protected":false},"author":1,"featured_media":0,"parent":0,"menu_order":0,"comment_status":"closed","ping_status":"closed","template":"","meta":{"footnotes":""},"class_list":["post-4253","page","type-page","status-publish","hentry"],"_links":{"self":[{"href":"https:\/\/www.kantes.com.tr\/index.php?rest_route=\/wp\/v2\/pages\/4253","targetHints":{"allow":["GET"]}}],"collection":[{"href":"https:\/\/www.kantes.com.tr\/index.php?rest_route=\/wp\/v2\/pages"}],"about":[{"href":"https:\/\/www.kantes.com.tr\/index.php?rest_route=\/wp\/v2\/types\/page"}],"author":[{"embeddable":true,"href":"https:\/\/www.kantes.com.tr\/index.php?rest_route=\/wp\/v2\/users\/1"}],"replies":[{"embeddable":true,"href":"https:\/\/www.kantes.com.tr\/index.php?rest_route=%2Fwp%2Fv2%2Fcomments&post=4253"}],"version-history":[{"count":4,"href":"https:\/\/www.kantes.com.tr\/index.php?rest_route=\/wp\/v2\/pages\/4253\/revisions"}],"predecessor-version":[{"id":4259,"href":"https:\/\/www.kantes.com.tr\/index.php?rest_route=\/wp\/v2\/pages\/4253\/revisions\/4259"}],"wp:attachment":[{"href":"https:\/\/www.kantes.com.tr\/index.php?rest_route=%2Fwp%2Fv2%2Fmedia&parent=4253"}],"curies":[{"name":"wp","href":"https:\/\/api.w.org\/{rel}","templated":true}]}}