{"id":4266,"date":"2025-08-28T16:52:48","date_gmt":"2025-08-28T13:52:48","guid":{"rendered":"https:\/\/www.kantes.com.tr\/?page_id=4266"},"modified":"2025-08-28T16:54:05","modified_gmt":"2025-08-28T13:54:05","slug":"yangin-tesisati","status":"publish","type":"page","link":"https:\/\/www.kantes.com.tr\/?page_id=4266","title":{"rendered":"Yang\u0131n Tesisat\u0131"},"content":{"rendered":"\t\t<div data-elementor-type=\"wp-page\" data-elementor-id=\"4266\" class=\"elementor elementor-4266\">\n\t\t\t\t<div class=\"elementor-element elementor-element-2f6dc39 e-flex e-con-boxed e-con e-parent\" data-id=\"2f6dc39\" data-element_type=\"container\">\n\t\t\t\t\t<div class=\"e-con-inner\">\n\t\t\t\t<div class=\"elementor-element elementor-element-1348d16 elementor-widget elementor-widget-heading\" data-id=\"1348d16\" data-element_type=\"widget\" data-widget_type=\"heading.default\">\n\t\t\t\t\t<h2 class=\"elementor-heading-title elementor-size-default\">Yang\u0131n Tesisat\u0131<\/h2>\t\t\t\t<\/div>\n\t\t\t\t<div class=\"elementor-element elementor-element-b32d49a elementor-widget elementor-widget-text-editor\" data-id=\"b32d49a\" data-element_type=\"widget\" data-widget_type=\"text-editor.default\">\n\t\t\t\t\t\t\t\t\t<p data-start=\"128\" data-end=\"317\">Yang\u0131n tesisatlar\u0131, binalarda olas\u0131 yang\u0131n risklerine kar\u015f\u0131 g\u00fcvenli\u011fi sa\u011flamak i\u00e7in kritik \u00f6neme sahip sistemlerdir. Hem can g\u00fcvenli\u011fini hem de mal kayb\u0131n\u0131 minimize etmek i\u00e7in tasarlan\u0131r.<\/p><ul data-start=\"319\" data-end=\"1028\"><li data-start=\"319\" data-end=\"428\"><p data-start=\"321\" data-end=\"428\"><strong data-start=\"321\" data-end=\"358\">\ud83d\udca7 Otomatik Sprinkler Sistemleri:<\/strong><br data-start=\"358\" data-end=\"361\" \/>Yang\u0131n an\u0131nda h\u0131zla devreye girerek yang\u0131n\u0131n yay\u0131lmas\u0131n\u0131 \u00f6nler.<\/p><\/li><li data-start=\"430\" data-end=\"560\"><p data-start=\"432\" data-end=\"560\"><strong data-start=\"432\" data-end=\"475\">\ud83d\udea8 Yang\u0131n Alg\u0131lama ve \u0130hbar Sistemleri:<\/strong><br data-start=\"475\" data-end=\"478\" \/>Duman ve \u0131s\u0131 dedekt\u00f6rleri, alarm butonlar\u0131 ve sirenler ile erken uyar\u0131 sa\u011flar.<\/p><\/li><li data-start=\"562\" data-end=\"687\"><p data-start=\"564\" data-end=\"687\"><strong data-start=\"564\" data-end=\"599\">\ud83e\uddef Yang\u0131n S\u00f6nd\u00fcrme Ekipmanlar\u0131:<\/strong><br data-start=\"599\" data-end=\"602\" \/>Portatif yang\u0131n s\u00f6nd\u00fcr\u00fcc\u00fcler ve yang\u0131n dolaplar\u0131 ile h\u0131zl\u0131 m\u00fcdahale imk\u00e2n\u0131 sunar.<\/p><\/li><li data-start=\"689\" data-end=\"871\"><p data-start=\"691\" data-end=\"871\"><strong data-start=\"691\" data-end=\"730\">\ud83c\udfc3 Acil Durum ve Tahliye G\u00fcvenli\u011fi:<\/strong><br data-start=\"730\" data-end=\"733\" \/>Acil \u00e7\u0131k\u0131\u015f y\u00f6nlendirmeleri ve g\u00fcvenli tahliye yollar\u0131 ile bina i\u00e7erisindeki ki\u015filerin h\u0131zl\u0131 ve g\u00fcvenli bir \u015fekilde tahliyesi sa\u011flan\u0131r.<\/p><\/li><li data-start=\"873\" data-end=\"1028\"><p data-start=\"875\" data-end=\"895\"><strong data-start=\"875\" data-end=\"893\">\u2699\ufe0f Avantajlar:<\/strong><\/p><ul data-start=\"898\" data-end=\"1028\"><li data-start=\"898\" data-end=\"922\"><p data-start=\"900\" data-end=\"922\">\u0130nsan hayat\u0131n\u0131 korur<\/p><\/li><li data-start=\"925\" data-end=\"948\"><p data-start=\"927\" data-end=\"948\">Mal kayb\u0131n\u0131 azalt\u0131r<\/p><\/li><li data-start=\"951\" data-end=\"979\"><p data-start=\"953\" data-end=\"979\">Bina g\u00fcvenli\u011fini art\u0131r\u0131r<\/p><\/li><li data-start=\"982\" data-end=\"1028\"><p data-start=\"984\" data-end=\"1028\">Y\u00f6netmelik ve standartlara uygunluk sa\u011flar<\/p><\/li><\/ul><\/li><\/ul>\t\t\t\t\t\t\t\t<\/div>\n\t\t\t\t\t<\/div>\n\t\t\t\t<\/div>\n\t\t\t\t<\/div>\n\t\t","protected":false},"excerpt":{"rendered":"<p>Yang\u0131n Tesisat\u0131 Yang\u0131n tesisatlar\u0131, binalarda olas\u0131 yang\u0131n risklerine kar\u015f\u0131 g\u00fcvenli\u011fi sa\u011flamak i\u00e7in kritik \u00f6neme sahip sistemlerdir. Hem can g\u00fcvenli\u011fini hem de mal kayb\u0131n\u0131 minimize etmek i\u00e7in tasarlan\u0131r. \ud83d\udca7 Otomatik Sprinkler Sistemleri:Yang\u0131n an\u0131nda h\u0131zla devreye girerek yang\u0131n\u0131n yay\u0131lmas\u0131n\u0131 \u00f6nler. \ud83d\udea8 Yang\u0131n Alg\u0131lama ve \u0130hbar Sistemleri:Duman ve \u0131s\u0131 dedekt\u00f6rleri, alarm butonlar\u0131 ve sirenler ile erken uyar\u0131 sa\u011flar. [&hellip;]<\/p>\n","protected":false},"author":1,"featured_media":0,"parent":0,"menu_order":0,"comment_status":"closed","ping_status":"closed","template":"","meta":{"footnotes":""},"class_list":["post-4266","page","type-page","status-publish","hentry"],"_links":{"self":[{"href":"https:\/\/www.kantes.com.tr\/index.php?rest_route=\/wp\/v2\/pages\/4266","targetHints":{"allow":["GET"]}}],"collection":[{"href":"https:\/\/www.kantes.com.tr\/index.php?rest_route=\/wp\/v2\/pages"}],"about":[{"href":"https:\/\/www.kantes.com.tr\/index.php?rest_route=\/wp\/v2\/types\/page"}],"author":[{"embeddable":true,"href":"https:\/\/www.kantes.com.tr\/index.php?rest_route=\/wp\/v2\/users\/1"}],"replies":[{"embeddable":true,"href":"https:\/\/www.kantes.com.tr\/index.php?rest_route=%2Fwp%2Fv2%2Fcomments&post=4266"}],"version-history":[{"count":4,"href":"https:\/\/www.kantes.com.tr\/index.php?rest_route=\/wp\/v2\/pages\/4266\/revisions"}],"predecessor-version":[{"id":4271,"href":"https:\/\/www.kantes.com.tr\/index.php?rest_route=\/wp\/v2\/pages\/4266\/revisions\/4271"}],"wp:attachment":[{"href":"https:\/\/www.kantes.com.tr\/index.php?rest_route=%2Fwp%2Fv2%2Fmedia&parent=4266"}],"curies":[{"name":"wp","href":"https:\/\/api.w.org\/{rel}","templated":true}]}}