{"id":4272,"date":"2025-08-28T16:55:26","date_gmt":"2025-08-28T13:55:26","guid":{"rendered":"https:\/\/www.kantes.com.tr\/?page_id=4272"},"modified":"2025-08-28T16:56:27","modified_gmt":"2025-08-28T13:56:27","slug":"isitma-tesisati","status":"publish","type":"page","link":"https:\/\/www.kantes.com.tr\/?page_id=4272","title":{"rendered":"Is\u0131tma Tesisat\u0131"},"content":{"rendered":"\t\t<div data-elementor-type=\"wp-page\" data-elementor-id=\"4272\" class=\"elementor elementor-4272\">\n\t\t\t\t<div class=\"elementor-element elementor-element-affcedf e-flex e-con-boxed e-con e-parent\" data-id=\"affcedf\" data-element_type=\"container\">\n\t\t\t\t\t<div class=\"e-con-inner\">\n\t\t\t\t<div class=\"elementor-element elementor-element-b80ce07 elementor-widget elementor-widget-heading\" data-id=\"b80ce07\" data-element_type=\"widget\" data-widget_type=\"heading.default\">\n\t\t\t\t\t<h2 class=\"elementor-heading-title elementor-size-default\">Is\u0131tma Tesisat\u0131<\/h2>\t\t\t\t<\/div>\n\t\t\t\t<div class=\"elementor-element elementor-element-ec02acc elementor-widget elementor-widget-text-editor\" data-id=\"ec02acc\" data-element_type=\"widget\" data-widget_type=\"text-editor.default\">\n\t\t\t\t\t\t\t\t\t<p data-start=\"128\" data-end=\"317\">Is\u0131tma tesisatlar\u0131, binalarda konforlu ve homojen \u0131s\u0131 da\u011f\u0131l\u0131m\u0131 sa\u011flamak i\u00e7in kullan\u0131lan kritik altyap\u0131 sistemleridir. Hem enerji verimlili\u011fi hem de kullan\u0131c\u0131 konforu a\u00e7\u0131s\u0131ndan \u00f6nem ta\u015f\u0131r.<\/p><ul data-start=\"319\" data-end=\"1041\"><li data-start=\"319\" data-end=\"450\"><p data-start=\"321\" data-end=\"450\"><strong data-start=\"321\" data-end=\"355\">\ud83c\udf21\ufe0f Merkezi Is\u0131tma Sistemleri:<\/strong><br data-start=\"355\" data-end=\"358\" \/>Bina genelinde tek bir merkezden \u0131s\u0131tma sa\u011flayarak t\u00fcm alanlarda dengeli s\u0131cakl\u0131k sunar.<\/p><\/li><li data-start=\"452\" data-end=\"616\"><p data-start=\"454\" data-end=\"616\"><strong data-start=\"454\" data-end=\"486\">\ud83d\udd25 Yerden Is\u0131tma Sistemleri:<\/strong><br data-start=\"486\" data-end=\"489\" \/>Zemin alt\u0131na yerle\u015ftirilen borular arac\u0131l\u0131\u011f\u0131yla homojen \u0131s\u0131 da\u011f\u0131l\u0131m\u0131 sa\u011flar. Konforlu ve enerji tasarruflu bir \u00e7\u00f6z\u00fcm sunar.<\/p><\/li><li data-start=\"618\" data-end=\"762\"><p data-start=\"620\" data-end=\"762\"><strong data-start=\"620\" data-end=\"645\">\u26a1 Enerji Verimlili\u011fi:<\/strong><br data-start=\"645\" data-end=\"648\" \/>Modern \u0131s\u0131tma sistemleri, enerji t\u00fcketimini minimize ederek maliyetleri d\u00fc\u015f\u00fcr\u00fcr ve \u00e7evre dostu \u00e7\u00f6z\u00fcmler sunar.<\/p><\/li><li data-start=\"764\" data-end=\"895\"><p data-start=\"766\" data-end=\"793\"><strong data-start=\"766\" data-end=\"791\">\ud83c\udfe2 Uygulama Alanlar\u0131:<\/strong><\/p><ul data-start=\"796\" data-end=\"895\"><li data-start=\"796\" data-end=\"823\"><p data-start=\"798\" data-end=\"823\">Konutlar ve apartmanlar<\/p><\/li><li data-start=\"826\" data-end=\"861\"><p data-start=\"828\" data-end=\"861\">Ofisler, oteller ve restoranlar<\/p><\/li><li data-start=\"864\" data-end=\"895\"><p data-start=\"866\" data-end=\"895\">Fabrikalar ve kamu binalar\u0131<\/p><\/li><\/ul><\/li><li data-start=\"897\" data-end=\"1041\"><p data-start=\"899\" data-end=\"919\"><strong data-start=\"899\" data-end=\"917\">\ud83d\udca7 Avantajlar:<\/strong><\/p><ul data-start=\"922\" data-end=\"1041\"><li data-start=\"922\" data-end=\"965\"><p data-start=\"924\" data-end=\"965\">Konforlu ve homojen \u0131s\u0131 da\u011f\u0131l\u0131m\u0131 sa\u011flar<\/p><\/li><li data-start=\"968\" data-end=\"995\"><p data-start=\"970\" data-end=\"995\">Enerji tasarrufu sa\u011flar<\/p><\/li><li data-start=\"998\" data-end=\"1041\"><p data-start=\"1000\" data-end=\"1041\">Uzun \u00f6m\u00fcrl\u00fc ve g\u00fcvenilir kullan\u0131m sunar<\/p><\/li><\/ul><\/li><\/ul>\t\t\t\t\t\t\t\t<\/div>\n\t\t\t\t\t<\/div>\n\t\t\t\t<\/div>\n\t\t\t\t<\/div>\n\t\t","protected":false},"excerpt":{"rendered":"<p>Is\u0131tma Tesisat\u0131 Is\u0131tma tesisatlar\u0131, binalarda konforlu ve homojen \u0131s\u0131 da\u011f\u0131l\u0131m\u0131 sa\u011flamak i\u00e7in kullan\u0131lan kritik altyap\u0131 sistemleridir. Hem enerji verimlili\u011fi hem de kullan\u0131c\u0131 konforu a\u00e7\u0131s\u0131ndan \u00f6nem ta\u015f\u0131r. \ud83c\udf21\ufe0f Merkezi Is\u0131tma Sistemleri:Bina genelinde tek bir merkezden \u0131s\u0131tma sa\u011flayarak t\u00fcm alanlarda dengeli s\u0131cakl\u0131k sunar. \ud83d\udd25 Yerden Is\u0131tma Sistemleri:Zemin alt\u0131na yerle\u015ftirilen borular arac\u0131l\u0131\u011f\u0131yla homojen \u0131s\u0131 da\u011f\u0131l\u0131m\u0131 sa\u011flar. Konforlu ve [&hellip;]<\/p>\n","protected":false},"author":1,"featured_media":0,"parent":0,"menu_order":0,"comment_status":"closed","ping_status":"closed","template":"","meta":{"footnotes":""},"class_list":["post-4272","page","type-page","status-publish","hentry"],"_links":{"self":[{"href":"https:\/\/www.kantes.com.tr\/index.php?rest_route=\/wp\/v2\/pages\/4272","targetHints":{"allow":["GET"]}}],"collection":[{"href":"https:\/\/www.kantes.com.tr\/index.php?rest_route=\/wp\/v2\/pages"}],"about":[{"href":"https:\/\/www.kantes.com.tr\/index.php?rest_route=\/wp\/v2\/types\/page"}],"author":[{"embeddable":true,"href":"https:\/\/www.kantes.com.tr\/index.php?rest_route=\/wp\/v2\/users\/1"}],"replies":[{"embeddable":true,"href":"https:\/\/www.kantes.com.tr\/index.php?rest_route=%2Fwp%2Fv2%2Fcomments&post=4272"}],"version-history":[{"count":4,"href":"https:\/\/www.kantes.com.tr\/index.php?rest_route=\/wp\/v2\/pages\/4272\/revisions"}],"predecessor-version":[{"id":4277,"href":"https:\/\/www.kantes.com.tr\/index.php?rest_route=\/wp\/v2\/pages\/4272\/revisions\/4277"}],"wp:attachment":[{"href":"https:\/\/www.kantes.com.tr\/index.php?rest_route=%2Fwp%2Fv2%2Fmedia&parent=4272"}],"curies":[{"name":"wp","href":"https:\/\/api.w.org\/{rel}","templated":true}]}}