{"id":4278,"date":"2025-08-28T16:57:19","date_gmt":"2025-08-28T13:57:19","guid":{"rendered":"https:\/\/www.kantes.com.tr\/?page_id=4278"},"modified":"2025-08-28T16:58:25","modified_gmt":"2025-08-28T13:58:25","slug":"otomasyon-sistemleri","status":"publish","type":"page","link":"https:\/\/www.kantes.com.tr\/?page_id=4278","title":{"rendered":"Otomasyon Sistemleri"},"content":{"rendered":"\t\t<div data-elementor-type=\"wp-page\" data-elementor-id=\"4278\" class=\"elementor elementor-4278\">\n\t\t\t\t<div class=\"elementor-element elementor-element-1c68f38 e-flex e-con-boxed e-con e-parent\" data-id=\"1c68f38\" data-element_type=\"container\">\n\t\t\t\t\t<div class=\"e-con-inner\">\n\t\t\t\t<div class=\"elementor-element elementor-element-31d1d25 elementor-widget elementor-widget-heading\" data-id=\"31d1d25\" data-element_type=\"widget\" data-widget_type=\"heading.default\">\n\t\t\t\t\t<h2 class=\"elementor-heading-title elementor-size-default\">Otomasyon Sistemleri<\/h2>\t\t\t\t<\/div>\n\t\t\t\t<div class=\"elementor-element elementor-element-a0d19c7 elementor-widget elementor-widget-text-editor\" data-id=\"a0d19c7\" data-element_type=\"widget\" data-widget_type=\"text-editor.default\">\n\t\t\t\t\t\t\t\t\t<p data-start=\"138\" data-end=\"370\">Otomasyon sistemleri, binalarda enerji y\u00f6netimi, iklimlendirme, g\u00fcvenlik ve tesis operasyonlar\u0131n\u0131 merkezi ve ak\u0131ll\u0131 bir \u015fekilde kontrol etmek i\u00e7in kullan\u0131lan ileri teknolojilerdir. Bu sistemler hem konfor hem de verimlilik sa\u011flar.<\/p><ul data-start=\"372\" data-end=\"1032\"><li data-start=\"372\" data-end=\"523\"><p data-start=\"374\" data-end=\"523\"><strong data-start=\"374\" data-end=\"405\">\ud83c\udf21\ufe0f \u0130klimlendirme Kontrol\u00fc:<\/strong><br data-start=\"405\" data-end=\"408\" \/>Is\u0131tma, so\u011futma, havaland\u0131rma ve VRF\/Fancoil sistemleri merkezi olarak y\u00f6netilir, enerji verimlili\u011fi art\u0131r\u0131l\u0131r.<\/p><\/li><li data-start=\"525\" data-end=\"635\"><p data-start=\"527\" data-end=\"635\"><strong data-start=\"527\" data-end=\"550\">\ud83d\udca1 Enerji Y\u00f6netimi:<\/strong><br data-start=\"550\" data-end=\"553\" \/>Ayd\u0131nlatma, su ve elektrik t\u00fcketimi izlenir, gereksiz enerji t\u00fcketimi \u00f6nlenir.<\/p><\/li><li data-start=\"637\" data-end=\"785\"><p data-start=\"639\" data-end=\"785\"><strong data-start=\"639\" data-end=\"675\">\ud83d\udea8 G\u00fcvenlik ve Alarm Sistemleri:<\/strong><br data-start=\"675\" data-end=\"678\" \/>Yang\u0131n alarm\u0131, kamera ve giri\u015f kontrol sistemleri otomasyonla entegre edilerek h\u0131zl\u0131 m\u00fcdahale sa\u011flan\u0131r.<\/p><\/li><li data-start=\"787\" data-end=\"899\"><p data-start=\"789\" data-end=\"899\"><strong data-start=\"789\" data-end=\"816\">\u2699\ufe0f \u0130\u015fletme Verimlili\u011fi:<\/strong><br data-start=\"816\" data-end=\"819\" \/>Tesis operasyonlar\u0131 daha kolay y\u00f6netilir, bak\u0131m ve i\u015fg\u00fcc\u00fc maliyetleri d\u00fc\u015fer.<\/p><\/li><li data-start=\"901\" data-end=\"1032\"><p data-start=\"903\" data-end=\"930\"><strong data-start=\"903\" data-end=\"928\">\ud83c\udfe2 Uygulama Alanlar\u0131:<\/strong><\/p><ul data-start=\"933\" data-end=\"1032\"><li data-start=\"933\" data-end=\"962\"><p data-start=\"935\" data-end=\"962\">Ofisler ve ticari binalar<\/p><\/li><li data-start=\"965\" data-end=\"991\"><p data-start=\"967\" data-end=\"991\">Oteller ve restoranlar<\/p><\/li><li data-start=\"994\" data-end=\"1032\"><p data-start=\"996\" data-end=\"1032\">Fabrikalar ve end\u00fcstriyel tesisler<\/p><\/li><\/ul><\/li><\/ul><p data-start=\"1034\" data-end=\"1138\">Otomasyon sistemleri sayesinde binalar daha g\u00fcvenli, enerji verimli ve kullan\u0131c\u0131 dostu bir hale gelir.<\/p>\t\t\t\t\t\t\t\t<\/div>\n\t\t\t\t\t<\/div>\n\t\t\t\t<\/div>\n\t\t\t\t<\/div>\n\t\t","protected":false},"excerpt":{"rendered":"<p>Otomasyon Sistemleri Otomasyon sistemleri, binalarda enerji y\u00f6netimi, iklimlendirme, g\u00fcvenlik ve tesis operasyonlar\u0131n\u0131 merkezi ve ak\u0131ll\u0131 bir \u015fekilde kontrol etmek i\u00e7in kullan\u0131lan ileri teknolojilerdir. Bu sistemler hem konfor hem de verimlilik sa\u011flar. \ud83c\udf21\ufe0f \u0130klimlendirme Kontrol\u00fc:Is\u0131tma, so\u011futma, havaland\u0131rma ve VRF\/Fancoil sistemleri merkezi olarak y\u00f6netilir, enerji verimlili\u011fi art\u0131r\u0131l\u0131r. \ud83d\udca1 Enerji Y\u00f6netimi:Ayd\u0131nlatma, su ve elektrik t\u00fcketimi izlenir, gereksiz enerji [&hellip;]<\/p>\n","protected":false},"author":1,"featured_media":0,"parent":0,"menu_order":0,"comment_status":"closed","ping_status":"closed","template":"","meta":{"footnotes":""},"class_list":["post-4278","page","type-page","status-publish","hentry"],"_links":{"self":[{"href":"https:\/\/www.kantes.com.tr\/index.php?rest_route=\/wp\/v2\/pages\/4278","targetHints":{"allow":["GET"]}}],"collection":[{"href":"https:\/\/www.kantes.com.tr\/index.php?rest_route=\/wp\/v2\/pages"}],"about":[{"href":"https:\/\/www.kantes.com.tr\/index.php?rest_route=\/wp\/v2\/types\/page"}],"author":[{"embeddable":true,"href":"https:\/\/www.kantes.com.tr\/index.php?rest_route=\/wp\/v2\/users\/1"}],"replies":[{"embeddable":true,"href":"https:\/\/www.kantes.com.tr\/index.php?rest_route=%2Fwp%2Fv2%2Fcomments&post=4278"}],"version-history":[{"count":4,"href":"https:\/\/www.kantes.com.tr\/index.php?rest_route=\/wp\/v2\/pages\/4278\/revisions"}],"predecessor-version":[{"id":4283,"href":"https:\/\/www.kantes.com.tr\/index.php?rest_route=\/wp\/v2\/pages\/4278\/revisions\/4283"}],"wp:attachment":[{"href":"https:\/\/www.kantes.com.tr\/index.php?rest_route=%2Fwp%2Fv2%2Fmedia&parent=4278"}],"curies":[{"name":"wp","href":"https:\/\/api.w.org\/{rel}","templated":true}]}}